{"id":5105,"date":"2025-10-19T19:44:51","date_gmt":"2025-10-19T18:44:51","guid":{"rendered":"https:\/\/nicheperfumesjordan.com\/product\/xerjoff-pikovaya-dama-edp-100ml\/"},"modified":"2026-03-30T22:51:38","modified_gmt":"2026-03-30T21:51:38","slug":"xerjoff-pikovaya-dama-edp-50ml-100ml","status":"publish","type":"product","link":"https:\/\/nicheperfumesjordan.com\/ar\/product\/xerjoff-pikovaya-dama-edp-50ml-100ml\/","title":{"rendered":"XERJOFF PIKOVAYA- DAMA EDP 50ML \/ 100ML"},"content":{"rendered":"<p>Pikovaya Dama by Xerjoff perfume for men and women<\/p>\n<p>Pikovaya Dama es el resultado de una mezcla perfecta de bergamota de Calabria, lim\u00f3n siciliano, rosa b\u00falgara y neroli.<br \/>\nLa combinaci\u00f3n de Iris junto con madera de cedro e incienso de Om\u00e1n, brinda una experiencia olfativa \u00fanica.<\/p>\n","protected":false},"excerpt":{"rendered":"<p>PARFUM<\/p>\n<p>OLFACTORY NOTES<\/p>\n<p>Calabria Bergamot, Amalfi Lemon, Bulgarian Rose<br \/>\nCoriander, Moroccan Atlas Cedar, Orris, Incense<br \/>\nIndonesian patchouli, Ceylon Sandalwood, Mexican vanilla, Musk<\/p>\n","protected":false},"featured_media":5229,"comment_status":"open","ping_status":"closed","template":"","meta":[],"pwb-brand":[],"product_brand":[317],"product_cat":[339,406],"product_tag":[],"class_list":{"0":"post-5105","1":"product","2":"type-product","3":"status-publish","4":"has-post-thumbnail","6":"product_brand-xerjoff","7":"product_cat-xerjoff","8":"product_cat-xj-1717-collection","10":"first","11":"instock","12":"taxable","13":"shipping-taxable","14":"purchasable","15":"product-type-variable","16":"has-default-attributes","17":"add-to-wishlist-after_add_to_cart"},"brands":[],"_links":{"self":[{"href":"https:\/\/nicheperfumesjordan.com\/ar\/wp-json\/wp\/v2\/product\/5105","targetHints":{"allow":["GET"]}}],"collection":[{"href":"https:\/\/nicheperfumesjordan.com\/ar\/wp-json\/wp\/v2\/product"}],"about":[{"href":"https:\/\/nicheperfumesjordan.com\/ar\/wp-json\/wp\/v2\/types\/product"}],"replies":[{"embeddable":true,"href":"https:\/\/nicheperfumesjordan.com\/ar\/wp-json\/wp\/v2\/comments?post=5105"}],"wp:featuredmedia":[{"embeddable":true,"href":"https:\/\/nicheperfumesjordan.com\/ar\/wp-json\/wp\/v2\/media\/5229"}],"wp:attachment":[{"href":"https:\/\/nicheperfumesjordan.com\/ar\/wp-json\/wp\/v2\/media?parent=5105"}],"wp:term":[{"taxonomy":"pwb-brand","embeddable":true,"href":"https:\/\/nicheperfumesjordan.com\/ar\/wp-json\/wp\/v2\/pwb-brand?post=5105"},{"taxonomy":"product_brand","embeddable":true,"href":"https:\/\/nicheperfumesjordan.com\/ar\/wp-json\/wp\/v2\/product_brand?post=5105"},{"taxonomy":"product_cat","embeddable":true,"href":"https:\/\/nicheperfumesjordan.com\/ar\/wp-json\/wp\/v2\/product_cat?post=5105"},{"taxonomy":"product_tag","embeddable":true,"href":"https:\/\/nicheperfumesjordan.com\/ar\/wp-json\/wp\/v2\/product_tag?post=5105"}],"curies":[{"name":"wp","href":"https:\/\/api.w.org\/{rel}","templated":true}]}}