{"id":5048,"date":"2025-10-19T19:44:45","date_gmt":"2025-10-19T18:44:45","guid":{"rendered":"https:\/\/nicheperfumesjordan.com\/product\/xerjoff-body-powder-alexandria-ii-90gr\/"},"modified":"2026-03-24T15:43:46","modified_gmt":"2026-03-24T15:43:46","slug":"xerjoff-body-powder-alexandria-ii-90gr","status":"publish","type":"product","link":"https:\/\/nicheperfumesjordan.com\/ar\/product\/xerjoff-body-powder-alexandria-ii-90gr\/","title":{"rendered":"XERJOFF BODY POWDER ALEXANDRIA II 90GR"},"content":{"rendered":"<p>Alexandria II Body Powder de Xerjoff for men and women<\/p>\n<p>Una generosa dosis de seda natural, cuya estructura corporal es similar a la de la piel, es lo que hace que este polvo corporal perfumado Alexandria II sea tan irresistiblemente suave. Ahora nuevamente disponible, un s\u00edmbolo de opulencia y lujo, el poder corporal perfumado Alexandria II permite que su aroma caracter\u00edstico permanezca m\u00e1s tiempo en la piel mientras absorbe la humedad y, al igual que el perfume, deja un aroma impregnado de historia y rica cultura.<\/p>\n","protected":false},"excerpt":{"rendered":"<p>90 GRAMS<\/p>\n<p> Now back in stock, a symbol of opulence and luxury, the Alexandria II perfumed body power allows your signature scent to linger for longer on the skin while absorbing moisture and, like the perfume, leaves a scent steeped in history and rich culture.<\/p>\n","protected":false},"featured_media":5363,"comment_status":"open","ping_status":"closed","template":"","meta":[],"pwb-brand":[],"product_brand":[317],"product_cat":[339,401],"product_tag":[],"class_list":{"0":"post-5048","1":"product","2":"type-product","3":"status-publish","4":"has-post-thumbnail","6":"product_brand-xerjoff","7":"product_cat-xerjoff","8":"product_cat-oud-stars","10":"first","11":"instock","12":"taxable","13":"shipping-taxable","14":"purchasable","15":"product-type-simple","16":"add-to-wishlist-after_add_to_cart"},"brands":[],"_links":{"self":[{"href":"https:\/\/nicheperfumesjordan.com\/ar\/wp-json\/wp\/v2\/product\/5048","targetHints":{"allow":["GET"]}}],"collection":[{"href":"https:\/\/nicheperfumesjordan.com\/ar\/wp-json\/wp\/v2\/product"}],"about":[{"href":"https:\/\/nicheperfumesjordan.com\/ar\/wp-json\/wp\/v2\/types\/product"}],"replies":[{"embeddable":true,"href":"https:\/\/nicheperfumesjordan.com\/ar\/wp-json\/wp\/v2\/comments?post=5048"}],"wp:featuredmedia":[{"embeddable":true,"href":"https:\/\/nicheperfumesjordan.com\/ar\/wp-json\/wp\/v2\/media\/5363"}],"wp:attachment":[{"href":"https:\/\/nicheperfumesjordan.com\/ar\/wp-json\/wp\/v2\/media?parent=5048"}],"wp:term":[{"taxonomy":"pwb-brand","embeddable":true,"href":"https:\/\/nicheperfumesjordan.com\/ar\/wp-json\/wp\/v2\/pwb-brand?post=5048"},{"taxonomy":"product_brand","embeddable":true,"href":"https:\/\/nicheperfumesjordan.com\/ar\/wp-json\/wp\/v2\/product_brand?post=5048"},{"taxonomy":"product_cat","embeddable":true,"href":"https:\/\/nicheperfumesjordan.com\/ar\/wp-json\/wp\/v2\/product_cat?post=5048"},{"taxonomy":"product_tag","embeddable":true,"href":"https:\/\/nicheperfumesjordan.com\/ar\/wp-json\/wp\/v2\/product_tag?post=5048"}],"curies":[{"name":"wp","href":"https:\/\/api.w.org\/{rel}","templated":true}]}}