{"id":4898,"date":"2025-10-19T19:44:28","date_gmt":"2025-10-19T18:44:28","guid":{"rendered":"https:\/\/nicheperfumesjordan.com\/product\/shl777-soleil-de-jeddah-mango-kiss-edp-50ml\/"},"modified":"2026-03-24T15:43:32","modified_gmt":"2026-03-24T15:43:32","slug":"shl777-soleil-de-jeddah-mango-kiss-edp-50ml","status":"publish","type":"product","link":"https:\/\/nicheperfumesjordan.com\/ar\/product\/shl777-soleil-de-jeddah-mango-kiss-edp-50ml\/","title":{"rendered":"SHL777 SOLEIL DE JEDDAH MANGO KISS EDP 50ML"},"content":{"rendered":"<p class=\"ProductItem-details-title preSlide slideIn\" data-content-field=\"title\" data-test=\"pdp-title\">Soleil de Jeddah Mango Kiss de Stephane Humbert Lucas perfume para hombres y mujeres<\/p>\n<div>En el coraz\u00f3n del palmeral, las sombrillas se alinean al borde del agua turquesa.<\/div>\n<div>El sol de la ma\u00f1ana, todav\u00eda suave y acariciador, es divino. Unas vueltas en la piscina y ya se est\u00e1n preparando los deliciosos c\u00f3cteles de frutas frescas.<\/div>\n","protected":false},"excerpt":{"rendered":"<p>EAU DE PARFUM<br \/>\nOLFACTORY NOTES<br \/>\nMango, Wild Chamomile Oil, Orange Blossom<br \/>\nYlang Ylang, Amber, Coconut<br \/>\nIris Butter, Siam Benzoin, Vanilla from Madagascar<\/p>\n","protected":false},"featured_media":5731,"comment_status":"open","ping_status":"closed","template":"","meta":[],"pwb-brand":[],"product_brand":[314],"product_cat":[340,411],"product_tag":[],"class_list":{"0":"post-4898","1":"product","2":"type-product","3":"status-publish","4":"has-post-thumbnail","6":"product_brand-stephane-humbert-lucas-777","7":"product_cat-stephane-humbert-lucas-777","8":"product_cat-la-collection-777","10":"first","11":"instock","12":"taxable","13":"shipping-taxable","14":"purchasable","15":"product-type-simple","16":"add-to-wishlist-after_add_to_cart"},"brands":[],"_links":{"self":[{"href":"https:\/\/nicheperfumesjordan.com\/ar\/wp-json\/wp\/v2\/product\/4898","targetHints":{"allow":["GET"]}}],"collection":[{"href":"https:\/\/nicheperfumesjordan.com\/ar\/wp-json\/wp\/v2\/product"}],"about":[{"href":"https:\/\/nicheperfumesjordan.com\/ar\/wp-json\/wp\/v2\/types\/product"}],"replies":[{"embeddable":true,"href":"https:\/\/nicheperfumesjordan.com\/ar\/wp-json\/wp\/v2\/comments?post=4898"}],"wp:featuredmedia":[{"embeddable":true,"href":"https:\/\/nicheperfumesjordan.com\/ar\/wp-json\/wp\/v2\/media\/5731"}],"wp:attachment":[{"href":"https:\/\/nicheperfumesjordan.com\/ar\/wp-json\/wp\/v2\/media?parent=4898"}],"wp:term":[{"taxonomy":"pwb-brand","embeddable":true,"href":"https:\/\/nicheperfumesjordan.com\/ar\/wp-json\/wp\/v2\/pwb-brand?post=4898"},{"taxonomy":"product_brand","embeddable":true,"href":"https:\/\/nicheperfumesjordan.com\/ar\/wp-json\/wp\/v2\/product_brand?post=4898"},{"taxonomy":"product_cat","embeddable":true,"href":"https:\/\/nicheperfumesjordan.com\/ar\/wp-json\/wp\/v2\/product_cat?post=4898"},{"taxonomy":"product_tag","embeddable":true,"href":"https:\/\/nicheperfumesjordan.com\/ar\/wp-json\/wp\/v2\/product_tag?post=4898"}],"curies":[{"name":"wp","href":"https:\/\/api.w.org\/{rel}","templated":true}]}}