{"id":4897,"date":"2025-10-19T19:44:28","date_gmt":"2025-10-19T18:44:28","guid":{"rendered":"https:\/\/nicheperfumesjordan.com\/product\/shl777-soleil-de-jeddah-afterglow-edp-50ml\/"},"modified":"2026-03-24T15:43:32","modified_gmt":"2026-03-24T15:43:32","slug":"shl777-soleil-de-jeddah-afterglow-edp-50ml","status":"publish","type":"product","link":"https:\/\/nicheperfumesjordan.com\/ar\/product\/shl777-soleil-de-jeddah-afterglow-edp-50ml\/","title":{"rendered":"SHL777 SOLEIL DE JEDDAH AFTERGLOW EDP 50ML"},"content":{"rendered":"<p class=\"ProductItem-details-title preSlide slideIn\" data-content-field=\"title\" data-test=\"pdp-title\">Soleil de Jeddah Afterglow de Stephane Humbert Lucas perfume para hombres y mujeres<\/p>\n<p data-content-field=\"title\" data-test=\"pdp-title\">El sol acaba de ponerse en el horizonte. El cielo est\u00e1 en llamas. El mar con sus ef\u00edmeros reflejos es sublime.<br \/>\nEl sonido de las olas acompa\u00f1a a los enamorados a la orilla del agua y los pensamientos se pierden en sue\u00f1os de eternidad.<br \/>\nSoleil de Jeddah Afterglow es una versi\u00f3n sensual y voluptuosa de Soleil de Jeddah. Una apertura original de vapores de mandarina e incienso se arremolina antes de posarse en la vainilla cori\u00e1cea.<br \/>\nEn el coraz\u00f3n del espect\u00e1culo, la Orqu\u00eddea teje finas lianas alrededor del m\u00edtico Iris con la secreta esperanza de domarlo.<br \/>\nFrente a la belleza del Benju\u00ed de Sumatra, el \u00c1mbar arde majestuosamente y sopla sus \u00faltimos destellos dorados para llegar a la noche. Soleil de Jeddah Afterglow, una fragancia magn\u00edfica y cautivadora con una rica estela.<\/p>\n","protected":false},"excerpt":{"rendered":"<p>EAU DE PARFUM CONCENTRE 50ML<\/p>\n<p>NOTAS OLFACTIVAS<\/p>\n<p>Bergamota, Aceite de manzanilla silvestre, Aceite de incienso<br \/>\nMirra, Orqu\u00eddea, \u00c1mbar<br \/>\nMantequilla de iris, Styrax, Benju\u00ed de Sumatra, Vetiver, Vainilla de Madagascar<\/p>\n","protected":false},"featured_media":5926,"comment_status":"open","ping_status":"closed","template":"","meta":[],"pwb-brand":[],"product_brand":[314],"product_cat":[340,411],"product_tag":[],"class_list":{"0":"post-4897","1":"product","2":"type-product","3":"status-publish","4":"has-post-thumbnail","6":"product_brand-stephane-humbert-lucas-777","7":"product_cat-stephane-humbert-lucas-777","8":"product_cat-la-collection-777","10":"first","11":"instock","12":"taxable","13":"shipping-taxable","14":"purchasable","15":"product-type-simple","16":"add-to-wishlist-after_add_to_cart"},"brands":[],"_links":{"self":[{"href":"https:\/\/nicheperfumesjordan.com\/ar\/wp-json\/wp\/v2\/product\/4897","targetHints":{"allow":["GET"]}}],"collection":[{"href":"https:\/\/nicheperfumesjordan.com\/ar\/wp-json\/wp\/v2\/product"}],"about":[{"href":"https:\/\/nicheperfumesjordan.com\/ar\/wp-json\/wp\/v2\/types\/product"}],"replies":[{"embeddable":true,"href":"https:\/\/nicheperfumesjordan.com\/ar\/wp-json\/wp\/v2\/comments?post=4897"}],"wp:featuredmedia":[{"embeddable":true,"href":"https:\/\/nicheperfumesjordan.com\/ar\/wp-json\/wp\/v2\/media\/5926"}],"wp:attachment":[{"href":"https:\/\/nicheperfumesjordan.com\/ar\/wp-json\/wp\/v2\/media?parent=4897"}],"wp:term":[{"taxonomy":"pwb-brand","embeddable":true,"href":"https:\/\/nicheperfumesjordan.com\/ar\/wp-json\/wp\/v2\/pwb-brand?post=4897"},{"taxonomy":"product_brand","embeddable":true,"href":"https:\/\/nicheperfumesjordan.com\/ar\/wp-json\/wp\/v2\/product_brand?post=4897"},{"taxonomy":"product_cat","embeddable":true,"href":"https:\/\/nicheperfumesjordan.com\/ar\/wp-json\/wp\/v2\/product_cat?post=4897"},{"taxonomy":"product_tag","embeddable":true,"href":"https:\/\/nicheperfumesjordan.com\/ar\/wp-json\/wp\/v2\/product_tag?post=4897"}],"curies":[{"name":"wp","href":"https:\/\/api.w.org\/{rel}","templated":true}]}}