{"id":4841,"date":"2025-10-19T19:44:22","date_gmt":"2025-10-19T18:44:22","guid":{"rendered":"https:\/\/nicheperfumesjordan.com\/product\/pana-dora-opuluxe-edp-100ml\/"},"modified":"2026-03-24T15:43:28","modified_gmt":"2026-03-24T15:43:28","slug":"pana-dora-opuluxe-edp-100ml","status":"publish","type":"product","link":"https:\/\/nicheperfumesjordan.com\/ar\/product\/pana-dora-opuluxe-edp-100ml\/","title":{"rendered":"PANA DORA OPULUXE EDP (100ML)"},"content":{"rendered":"<p>Opuluxe by Pana Dora Sweden niche perfume for men and women<\/p>\n<p>Opuluxe: crafted by the niche house Pana Dora Sweden is a scent that embodies the name\u2019s promises of opulence and luxury, and the spirit of nobility, honor, and the gracious gentleman. This perfume is a tribute to the modern man who values tradition, integrity, and the superior things in life.<\/p>\n<p>Initial Spritz: Excitement, anticipation, and energy.<br \/>\nThe fragrance begins with a bold declaration of strength and vitality. The spicy warmth of saffron and the fresh, green aroma of basil evoke a sense of noble vigor and readiness for adventure. Vetiver and clary sage ground this vibrant start with an earthy, steadfast presence, symbolizing the unwavering honor and integrity of a true gentleman. The exotic and spicy nuances of myrrh and coriander add an air of mystery and intrigue, hinting at the depth of character and wisdom. Brazilian rosewood introduces a touch of sweetness and floral elegance, softening the initial intensity and reflecting the sophisticated charm of the wearer.<br \/>\nThe Heart: Warmth, comfort, and protective nature\u2026\u2026.<\/p>\n","protected":false},"excerpt":{"rendered":"<p>EAU DE PARFUM<\/p>\n<p>NOTAS OLFATIVAS<br \/>\nAzafr\u00e1n, Albahaca, Vetiver, Salvia Esclarea, Mirra, Cilantro, Palo de Rosa de Brasil<br \/>\nOsmanto, Canela, Tomillo, Clavel<br \/>\nNotas Minerales, Gamuza, Almizcle, Timur, Benju\u00ed, Musgo de Roble, Cast\u00f3reo, S\u00e1ndalo<\/p>\n","protected":false},"featured_media":5701,"comment_status":"open","ping_status":"closed","template":"","meta":[],"pwb-brand":[],"product_brand":[311],"product_cat":[16,343],"product_tag":[],"class_list":{"0":"post-4841","1":"product","2":"type-product","3":"status-publish","4":"has-post-thumbnail","6":"product_brand-pana-dora","7":"product_cat-uncategorized","8":"product_cat-pana-dora","10":"first","11":"instock","12":"taxable","13":"shipping-taxable","14":"purchasable","15":"product-type-simple","16":"add-to-wishlist-after_add_to_cart"},"brands":[],"_links":{"self":[{"href":"https:\/\/nicheperfumesjordan.com\/ar\/wp-json\/wp\/v2\/product\/4841","targetHints":{"allow":["GET"]}}],"collection":[{"href":"https:\/\/nicheperfumesjordan.com\/ar\/wp-json\/wp\/v2\/product"}],"about":[{"href":"https:\/\/nicheperfumesjordan.com\/ar\/wp-json\/wp\/v2\/types\/product"}],"replies":[{"embeddable":true,"href":"https:\/\/nicheperfumesjordan.com\/ar\/wp-json\/wp\/v2\/comments?post=4841"}],"wp:featuredmedia":[{"embeddable":true,"href":"https:\/\/nicheperfumesjordan.com\/ar\/wp-json\/wp\/v2\/media\/5701"}],"wp:attachment":[{"href":"https:\/\/nicheperfumesjordan.com\/ar\/wp-json\/wp\/v2\/media?parent=4841"}],"wp:term":[{"taxonomy":"pwb-brand","embeddable":true,"href":"https:\/\/nicheperfumesjordan.com\/ar\/wp-json\/wp\/v2\/pwb-brand?post=4841"},{"taxonomy":"product_brand","embeddable":true,"href":"https:\/\/nicheperfumesjordan.com\/ar\/wp-json\/wp\/v2\/product_brand?post=4841"},{"taxonomy":"product_cat","embeddable":true,"href":"https:\/\/nicheperfumesjordan.com\/ar\/wp-json\/wp\/v2\/product_cat?post=4841"},{"taxonomy":"product_tag","embeddable":true,"href":"https:\/\/nicheperfumesjordan.com\/ar\/wp-json\/wp\/v2\/product_tag?post=4841"}],"curies":[{"name":"wp","href":"https:\/\/api.w.org\/{rel}","templated":true}]}}