{"id":4829,"date":"2025-10-19T19:44:21","date_gmt":"2025-10-19T18:44:21","guid":{"rendered":"https:\/\/nicheperfumesjordan.com\/product\/noble-royale-collection-limperatrice-gardenia-ed\/"},"modified":"2026-03-24T15:43:27","modified_gmt":"2026-03-24T15:43:27","slug":"noble-royale-collection-limperatrice-gardenia-ed","status":"publish","type":"product","link":"https:\/\/nicheperfumesjordan.com\/ar\/product\/noble-royale-collection-limperatrice-gardenia-ed\/","title":{"rendered":"NOBLE ROYALE COLLECTION L&#8217;IMPERATRICE GARDENIA ED"},"content":{"rendered":"<p>L\u2019Imperatrice Gardenia by Noble Royale Fragrance for women<\/p>\n<p>\u201cL\u2019Imperatrice Gardenia\u201d est\u00e1 hecha de espesa y dulce gardenia,<br \/>\ntan natural que la blancura de sus p\u00e9talos parece ser visible<br \/>\ny su suavidad y densidad son palpables.<br \/>\nLa gardenia es una flor extra\u00f1a y extra\u00f1a en el siglo XVIII, accesible solo para los reyes y los nobles m\u00e1s ricos, solo para aquellos que pueden permitirse el lujo de un invernadero y un jardinero experto.<br \/>\nGolpea con su esplendor, como una vez la belleza de la joven princesa Elizabeth Petrovna, entrando al sal\u00f3n de baile en sat\u00e9n blanco bordado con plata y perlas.<br \/>\n\u201cL\u2019Imperatrice Gardenia\u201d no habr\u00eda sido tan hermosa si la gardenia no estuviera enmarcada por otras flores de olor dulce y blanco brillante: jazm\u00edn, nardo y lirio blanco. El sabor sofisticado brinda una fragancia fresca y aguda de fresia y guisantes dulces en las notas superiores.<br \/>\nY profundidad: notas de s\u00e1ndalo, vainilla tierna y \u00e1mbar.<\/p>\n","protected":false},"excerpt":{"rendered":"<p>EAU DE PARFUM <\/p>\n<p>Freesia, Neroli, Rose, Sweet Peas<br \/>\nGardenia, Tuberose, Kashmir, Jasmine, Lily<br \/>\nAmbergris, Sandalwood, Vanilla, Ambroxan<\/p>\n","protected":false},"featured_media":5717,"comment_status":"open","ping_status":"closed","template":"","meta":[],"pwb-brand":[],"product_brand":[310],"product_cat":[351,440],"product_tag":[],"class_list":{"0":"post-4829","1":"product","2":"type-product","3":"status-publish","4":"has-post-thumbnail","6":"product_brand-noble-royale","7":"product_cat-noble-royale","8":"product_cat-best-sellers","10":"first","11":"instock","12":"taxable","13":"shipping-taxable","14":"purchasable","15":"product-type-simple","16":"add-to-wishlist-after_add_to_cart"},"brands":[],"_links":{"self":[{"href":"https:\/\/nicheperfumesjordan.com\/ar\/wp-json\/wp\/v2\/product\/4829","targetHints":{"allow":["GET"]}}],"collection":[{"href":"https:\/\/nicheperfumesjordan.com\/ar\/wp-json\/wp\/v2\/product"}],"about":[{"href":"https:\/\/nicheperfumesjordan.com\/ar\/wp-json\/wp\/v2\/types\/product"}],"replies":[{"embeddable":true,"href":"https:\/\/nicheperfumesjordan.com\/ar\/wp-json\/wp\/v2\/comments?post=4829"}],"wp:featuredmedia":[{"embeddable":true,"href":"https:\/\/nicheperfumesjordan.com\/ar\/wp-json\/wp\/v2\/media\/5717"}],"wp:attachment":[{"href":"https:\/\/nicheperfumesjordan.com\/ar\/wp-json\/wp\/v2\/media?parent=4829"}],"wp:term":[{"taxonomy":"pwb-brand","embeddable":true,"href":"https:\/\/nicheperfumesjordan.com\/ar\/wp-json\/wp\/v2\/pwb-brand?post=4829"},{"taxonomy":"product_brand","embeddable":true,"href":"https:\/\/nicheperfumesjordan.com\/ar\/wp-json\/wp\/v2\/product_brand?post=4829"},{"taxonomy":"product_cat","embeddable":true,"href":"https:\/\/nicheperfumesjordan.com\/ar\/wp-json\/wp\/v2\/product_cat?post=4829"},{"taxonomy":"product_tag","embeddable":true,"href":"https:\/\/nicheperfumesjordan.com\/ar\/wp-json\/wp\/v2\/product_tag?post=4829"}],"curies":[{"name":"wp","href":"https:\/\/api.w.org\/{rel}","templated":true}]}}