{"id":4607,"date":"2025-10-19T19:43:55","date_gmt":"2025-10-19T18:43:55","guid":{"rendered":"https:\/\/nicheperfumesjordan.com\/product\/fragrance-du-bois-sahraa-oud-edp-100ml\/"},"modified":"2026-03-31T20:34:39","modified_gmt":"2026-03-31T19:34:39","slug":"fragrance-du-bois-sahraa-oud-edp-50ml-100ml","status":"publish","type":"product","link":"https:\/\/nicheperfumesjordan.com\/ar\/product\/fragrance-du-bois-sahraa-oud-edp-50ml-100ml\/","title":{"rendered":"FRAGRANCE DU BOIS SAHRAA OUD EDP 50ML \/ 100ML"},"content":{"rendered":"<p>Sahraa Oud de Fragrance Du Bois perfume para hombres y mujeres<\/p>\n<p>Like a moment of stillness broken by unpredictable shifts of racing wind across a vast landscape, Sahraa Oud captures the untamed wilderness of Arabia. It immediately invokes the mystery and majesty of the desert, and has been crafted for the sophisticated palates of both Middle Eastern connoisseurs, and aficionados with discerning tastes alike.\u00a0<span class=\"s1\">Beautiful floral top and heart notes of grapefruit, rose absolute, geranium and jasmine, create a symphony that blends softly into base notes of patchouli, sandalwood, saffron, vanilla, amber and Oud.\u00a0<\/span>Our perfumes are not created for the stereotypical gender\u2026 him or her\u2026\u00a0they are made to share. We are all individuals you<\/p>\n","protected":false},"excerpt":{"rendered":"<p>PARFUM<\/p>\n<p>OLFACTORY NOTES<\/p>\n<p>Toronja<br \/>\nRosa, Geranio, Jazm\u00edn, Pachul\u00ed<br \/>\nPimienta negra, S\u00e1ndalo, Azafr\u00e1n, Vainilla, \u00c0mbar, Madera de Oud<\/p>\n","protected":false},"featured_media":5446,"comment_status":"open","ping_status":"closed","template":"","meta":[],"pwb-brand":[],"product_brand":[297],"product_cat":[342,416],"product_tag":[],"class_list":{"0":"post-4607","1":"product","2":"type-product","3":"status-publish","4":"has-post-thumbnail","6":"product_brand-fragrance-du-bois","7":"product_cat-fragrance-du-bois","8":"product_cat-prive-collection","10":"first","11":"instock","12":"taxable","13":"shipping-taxable","14":"purchasable","15":"product-type-variable","16":"add-to-wishlist-after_add_to_cart"},"brands":[],"_links":{"self":[{"href":"https:\/\/nicheperfumesjordan.com\/ar\/wp-json\/wp\/v2\/product\/4607","targetHints":{"allow":["GET"]}}],"collection":[{"href":"https:\/\/nicheperfumesjordan.com\/ar\/wp-json\/wp\/v2\/product"}],"about":[{"href":"https:\/\/nicheperfumesjordan.com\/ar\/wp-json\/wp\/v2\/types\/product"}],"replies":[{"embeddable":true,"href":"https:\/\/nicheperfumesjordan.com\/ar\/wp-json\/wp\/v2\/comments?post=4607"}],"wp:featuredmedia":[{"embeddable":true,"href":"https:\/\/nicheperfumesjordan.com\/ar\/wp-json\/wp\/v2\/media\/5446"}],"wp:attachment":[{"href":"https:\/\/nicheperfumesjordan.com\/ar\/wp-json\/wp\/v2\/media?parent=4607"}],"wp:term":[{"taxonomy":"pwb-brand","embeddable":true,"href":"https:\/\/nicheperfumesjordan.com\/ar\/wp-json\/wp\/v2\/pwb-brand?post=4607"},{"taxonomy":"product_brand","embeddable":true,"href":"https:\/\/nicheperfumesjordan.com\/ar\/wp-json\/wp\/v2\/product_brand?post=4607"},{"taxonomy":"product_cat","embeddable":true,"href":"https:\/\/nicheperfumesjordan.com\/ar\/wp-json\/wp\/v2\/product_cat?post=4607"},{"taxonomy":"product_tag","embeddable":true,"href":"https:\/\/nicheperfumesjordan.com\/ar\/wp-json\/wp\/v2\/product_tag?post=4607"}],"curies":[{"name":"wp","href":"https:\/\/api.w.org\/{rel}","templated":true}]}}