{"id":4513,"date":"2025-10-19T19:43:45","date_gmt":"2025-10-19T18:43:45","guid":{"rendered":"https:\/\/nicheperfumesjordan.com\/product\/bentley-mellow-heliotrope-edp-100ml\/"},"modified":"2026-03-24T15:43:03","modified_gmt":"2026-03-24T15:43:03","slug":"bentley-mellow-heliotrope-edp-100ml","status":"publish","type":"product","link":"https:\/\/nicheperfumesjordan.com\/ar\/product\/bentley-mellow-heliotrope-edp-100ml\/","title":{"rendered":"BENTLEY MELLOW HELIOTROPE EDP 100ML"},"content":{"rendered":"<p>A trip to Lima.<\/p>\n<p>Her manner is gentle, reflecting her quiet confidence and inner power. Naturally empathetic, she thrives on intimate t\u00eate-\u00e0-t\u00eates and deep conversations. Tenderly feminine and softly sensual, she strives for harmony wherever she goes.<\/p>\n<p>The flower that best expresses her sweet but compelling character is heliotrope, a purple Mediterranean charmer whose name means \u201cturns towards the sun\u201d. With wafts of vanilla and anise, its powdery fragrance is a perfume in itself.<\/p>\n<p>To complement these softly sensual facets, Karine Dubreuil Sereni has picked a palette of pink and purple notes. The fragrance opens with crisp blackcurrant bud, accented with pink pepper. A playful strawberry heart introduces a romantic mauve bouquet of violet and heliotrope. A touch of vanilla and praline enhance Mellow Heliotrope\u2019s subtly gourmand facets, for an exquisitely seductive trail.<\/p>\n<p>Bentley Fragrances is proud to introduce three new scents in its exclusive Bentley Beyond collection. Following the first trio of scents matching peerless ingredients with far-flung destinations \u2013 Radiant Osmanthus for Kyoto, Japan, Mellow Heliotrope for Lima, Peru and Vibrant Hibiscus for Seoul South Korea \u2013 the floral world opens a new, more feminine realm of colours and emotions to explore.<\/p>\n","protected":false},"excerpt":{"rendered":"<p>EAU DE PARFUM<\/p>\n<p>OLFACTORY NOTES<br \/>\nItalian Bergamot, Mandarin, Blackcurrant, Gardenia<br \/>\nRaspberry, Pink Peppercorn, Elemi<br \/>\nHeliotrope, Violet Flowers, Ambrette, Vanilla, Praline<\/p>\n","protected":false},"featured_media":5614,"comment_status":"open","ping_status":"closed","template":"","meta":[],"pwb-brand":[],"product_brand":[293],"product_cat":[364,427],"product_tag":[],"class_list":{"0":"post-4513","1":"product","2":"type-product","3":"status-publish","4":"has-post-thumbnail","6":"product_brand-bentley","7":"product_cat-bentley","8":"product_cat-beyond-collection","10":"first","11":"instock","12":"taxable","13":"shipping-taxable","14":"purchasable","15":"product-type-simple","16":"add-to-wishlist-after_add_to_cart"},"brands":[],"_links":{"self":[{"href":"https:\/\/nicheperfumesjordan.com\/ar\/wp-json\/wp\/v2\/product\/4513","targetHints":{"allow":["GET"]}}],"collection":[{"href":"https:\/\/nicheperfumesjordan.com\/ar\/wp-json\/wp\/v2\/product"}],"about":[{"href":"https:\/\/nicheperfumesjordan.com\/ar\/wp-json\/wp\/v2\/types\/product"}],"replies":[{"embeddable":true,"href":"https:\/\/nicheperfumesjordan.com\/ar\/wp-json\/wp\/v2\/comments?post=4513"}],"wp:featuredmedia":[{"embeddable":true,"href":"https:\/\/nicheperfumesjordan.com\/ar\/wp-json\/wp\/v2\/media\/5614"}],"wp:attachment":[{"href":"https:\/\/nicheperfumesjordan.com\/ar\/wp-json\/wp\/v2\/media?parent=4513"}],"wp:term":[{"taxonomy":"pwb-brand","embeddable":true,"href":"https:\/\/nicheperfumesjordan.com\/ar\/wp-json\/wp\/v2\/pwb-brand?post=4513"},{"taxonomy":"product_brand","embeddable":true,"href":"https:\/\/nicheperfumesjordan.com\/ar\/wp-json\/wp\/v2\/product_brand?post=4513"},{"taxonomy":"product_cat","embeddable":true,"href":"https:\/\/nicheperfumesjordan.com\/ar\/wp-json\/wp\/v2\/product_cat?post=4513"},{"taxonomy":"product_tag","embeddable":true,"href":"https:\/\/nicheperfumesjordan.com\/ar\/wp-json\/wp\/v2\/product_tag?post=4513"}],"curies":[{"name":"wp","href":"https:\/\/api.w.org\/{rel}","templated":true}]}}